{"id":5,"date":"2015-02-26T15:18:25","date_gmt":"2015-02-26T15:18:25","guid":{"rendered":"http:\/\/tulitu.eu\/wp\/?page_id=5"},"modified":"2025-10-22T14:53:45","modified_gmt":"2025-10-22T14:53:45","slug":"a-propos-des-libraires","status":"publish","type":"page","link":"https:\/\/tulitu.eu\/wp\/?page_id=5","title":{"rendered":"Les fondatrices"},"content":{"rendered":"<p><a href=\"http:\/\/tulitu.eu\/wp\/wp-content\/uploads\/2015\/02\/photodomari.jpg\"><img loading=\"lazy\" decoding=\"async\" class=\"alignnone size-medium wp-image-27\" src=\"http:\/\/tulitu.eu\/wp\/wp-content\/uploads\/2015\/02\/photodomari-200x300.jpg\" alt=\"photodomari\" width=\"200\" height=\"300\" srcset=\"https:\/\/tulitu.eu\/wp\/wp-content\/uploads\/2015\/02\/photodomari-200x300.jpg 200w, https:\/\/tulitu.eu\/wp\/wp-content\/uploads\/2015\/02\/photodomari.jpg 566w\" sizes=\"auto, (max-width: 200px) 100vw, 200px\" \/><\/a><\/p>\n<p>Juriste de formation, Ariane Herman est bruxelloise. Elle a travaill\u00e9 dans le secteur public de l\u2019am\u00e9nagement du territoire en R\u00e9gion bruxelloise.<\/p>\n<p>Gr\u00e2ce \u00e0 ses nombreux amis gays, elle a connu dans les ann\u00e9es 80 le milieu queer, ses f\u00eates, ses revendications et sa culture.<\/p>\n<p>Elle a d\u00e9couvert le milieu du livre qu\u00e9b\u00e9cois dans les ann\u00e9es 90, gr\u00e2ce \u00e0 son fr\u00e8re \u00e9diteur au Qu\u00e9bec et \u00e0 son ex belle-s\u0153ur libraire \u00e0 Qu\u00e9bec.<\/p>\n<p>Elle a \u00e9t\u00e9 \u00a0membre du jury du prix Rossel pour l&#8217;\u00e9dition 2016.<\/p>\n<p>Elle est membre du Conseil d&#8217;administration du Syndicat des Librairies francophones de Belgique et membre du Conseil d&#8217;administration des Librairies Initiales.<\/p>\n<p>Dominique Janelle est montr\u00e9alaise. Elle a \u00e9t\u00e9 libraire chez Olivieri, une librairie ind\u00e9pendante de Montr\u00e9al. Elle a une formation en Litt\u00e9rature de langue fran\u00e7aise et Philosophie.<\/p>\n<p>Entre 2009 et 2014, elle a particip\u00e9, en tant que libraire, \u00e0 cinq \u00e9ditions de la Foire du livre de Bruxelles sur le stand de Qu\u00e9bec \u00c9dition. C&#8217;est d&#8217;ailleurs \u00e0 l&#8217;\u00e9dition 2009 de la Foire du Livre de Bruxelles que Dominique et Ariane se sont rencontr\u00e9es.<\/p>\n<p>Elle a \u00e9t\u00e9 membre du Jury du Prix des libraires du Qu\u00e9bec de 2015 \u00e0 2018.<\/p>\n<p>Aujourd&#8217;hui, elle a quitt\u00e9 TULITU pour vivre \u00e0 Montr\u00e9al et est Responsable du d\u00e9veloppement international aupr\u00e8s de Qu\u00e9bec Edition (d\u00e9pendant de l&#8217;ANEL, l&#8217;association des \u00e9diteurs qu\u00e9b\u00e9cois).<\/p>\n","protected":false},"excerpt":{"rendered":"<p>Juriste de formation, Ariane Herman est bruxelloise. Elle a travaill\u00e9 dans le secteur public de l\u2019am\u00e9nagement du territoire en R\u00e9gion bruxelloise. Gr\u00e2ce \u00e0 ses nombreux amis gays, elle a connu dans les ann\u00e9es 80 le milieu queer, ses f\u00eates, ses revendications et sa culture. Elle a d\u00e9couvert le milieu du livre qu\u00e9b\u00e9cois dans les ann\u00e9es &hellip; <a href=\"https:\/\/tulitu.eu\/wp\/?page_id=5\" class=\"more-link\">Continue reading <span class=\"screen-reader-text\">Les fondatrices<\/span> <span class=\"meta-nav\">&rarr;<\/span><\/a><\/p>\n","protected":false},"author":1,"featured_media":0,"parent":0,"menu_order":0,"comment_status":"open","ping_status":"open","template":"","meta":{"footnotes":""},"class_list":["post-5","page","type-page","status-publish","hentry"],"_links":{"self":[{"href":"https:\/\/tulitu.eu\/wp\/index.php?rest_route=\/wp\/v2\/pages\/5","targetHints":{"allow":["GET"]}}],"collection":[{"href":"https:\/\/tulitu.eu\/wp\/index.php?rest_route=\/wp\/v2\/pages"}],"about":[{"href":"https:\/\/tulitu.eu\/wp\/index.php?rest_route=\/wp\/v2\/types\/page"}],"author":[{"embeddable":true,"href":"https:\/\/tulitu.eu\/wp\/index.php?rest_route=\/wp\/v2\/users\/1"}],"replies":[{"embeddable":true,"href":"https:\/\/tulitu.eu\/wp\/index.php?rest_route=%2Fwp%2Fv2%2Fcomments&post=5"}],"version-history":[{"count":19,"href":"https:\/\/tulitu.eu\/wp\/index.php?rest_route=\/wp\/v2\/pages\/5\/revisions"}],"predecessor-version":[{"id":2964,"href":"https:\/\/tulitu.eu\/wp\/index.php?rest_route=\/wp\/v2\/pages\/5\/revisions\/2964"}],"wp:attachment":[{"href":"https:\/\/tulitu.eu\/wp\/index.php?rest_route=%2Fwp%2Fv2%2Fmedia&parent=5"}],"curies":[{"name":"wp","href":"https:\/\/api.w.org\/{rel}","templated":true}]}}