{"id":2806,"date":"2025-04-08T15:19:52","date_gmt":"2025-04-08T15:19:52","guid":{"rendered":"https:\/\/tulitu.eu\/wp\/?page_id=2806"},"modified":"2025-04-17T10:11:15","modified_gmt":"2025-04-17T10:11:15","slug":"les-dix-ans-de-tulitu-a-la-bellone","status":"publish","type":"page","link":"https:\/\/tulitu.eu\/wp\/?page_id=2806","title":{"rendered":"La f\u00eate des dix ans de TULITU \u00e0 la Bellone"},"content":{"rendered":"\n<p>Mais quelle belle soir\u00e9e nous avons pass\u00e9e avec vous ce 11 mars 2025!<\/p>\n\n\n\n<p>Gr\u00e2ce \u00e0 Anna Vanwaeg, nous avons de magnifiques photos souvenirs!<\/p>\n\n\n\n<p>Avec par ordre d&#8217;apparition, nos complices du soir M\u00e9lanie Godin, Kristina Gauthier-Landry, Olivier Bastin, Muriel Andrin et Jo\u00eblle Sambi.<\/p>\n\n\n\n<figure class=\"wp-block-gallery has-nested-images columns-default is-cropped wp-block-gallery-1 is-layout-flex wp-block-gallery-is-layout-flex\">\n<figure class=\"wp-block-image size-large\"><a href=\"https:\/\/tulitu.eu\/wp\/wp-content\/uploads\/2025\/04\/25-Tulitu-10ans-\u00a9-annavanwaeg-0509.jpg\"><img decoding=\"async\" data-id=\"2804\" src=\"https:\/\/tulitu.eu\/wp\/wp-content\/uploads\/2025\/04\/25-Tulitu-10ans-\u00a9-annavanwaeg-0509.jpg\" alt=\"\" class=\"wp-image-2804\"\/><\/a><\/figure>\n\n\n\n<figure class=\"wp-block-image size-large\"><a href=\"https:\/\/tulitu.eu\/wp\/wp-content\/uploads\/2025\/04\/25-Tulitu-10ans-\u00a9-annavanwaeg-0507-scaled.jpg\"><img loading=\"lazy\" decoding=\"async\" width=\"1024\" height=\"683\" data-id=\"2802\" src=\"https:\/\/tulitu.eu\/wp\/wp-content\/uploads\/2025\/04\/25-Tulitu-10ans-\u00a9-annavanwaeg-0507-1024x683.jpg\" alt=\"\" class=\"wp-image-2802\" srcset=\"https:\/\/tulitu.eu\/wp\/wp-content\/uploads\/2025\/04\/25-Tulitu-10ans-\u00a9-annavanwaeg-0507-1024x683.jpg 1024w, https:\/\/tulitu.eu\/wp\/wp-content\/uploads\/2025\/04\/25-Tulitu-10ans-\u00a9-annavanwaeg-0507-300x200.jpg 300w, https:\/\/tulitu.eu\/wp\/wp-content\/uploads\/2025\/04\/25-Tulitu-10ans-\u00a9-annavanwaeg-0507-768x512.jpg 768w\" sizes=\"auto, (max-width: 1024px) 100vw, 1024px\" \/><\/a><\/figure>\n\n\n\n<figure class=\"wp-block-image size-large\"><a href=\"https:\/\/tulitu.eu\/wp\/wp-content\/uploads\/2025\/04\/25-Tulitu-10ans-\u00a9-annavanwaeg-0519-scaled.jpg\"><img loading=\"lazy\" decoding=\"async\" width=\"2560\" height=\"1707\" data-id=\"2800\" src=\"https:\/\/tulitu.eu\/wp\/wp-content\/uploads\/2025\/04\/25-Tulitu-10ans-\u00a9-annavanwaeg-0519-scaled.jpg\" alt=\"\" class=\"wp-image-2800\" srcset=\"https:\/\/tulitu.eu\/wp\/wp-content\/uploads\/2025\/04\/25-Tulitu-10ans-\u00a9-annavanwaeg-0519-scaled.jpg 2560w, https:\/\/tulitu.eu\/wp\/wp-content\/uploads\/2025\/04\/25-Tulitu-10ans-\u00a9-annavanwaeg-0519-300x200.jpg 300w\" sizes=\"auto, (max-width: 2560px) 100vw, 2560px\" \/><\/a><\/figure>\n\n\n\n<figure class=\"wp-block-image size-large\"><a href=\"https:\/\/tulitu.eu\/wp\/wp-content\/uploads\/2025\/04\/25-Tulitu-10ans-\u00a9-annavanwaeg-0560-scaled.jpg\"><img loading=\"lazy\" decoding=\"async\" width=\"1024\" height=\"683\" data-id=\"2799\" src=\"https:\/\/tulitu.eu\/wp\/wp-content\/uploads\/2025\/04\/25-Tulitu-10ans-\u00a9-annavanwaeg-0560-1024x683.jpg\" alt=\"\" class=\"wp-image-2799\" srcset=\"https:\/\/tulitu.eu\/wp\/wp-content\/uploads\/2025\/04\/25-Tulitu-10ans-\u00a9-annavanwaeg-0560-1024x683.jpg 1024w, https:\/\/tulitu.eu\/wp\/wp-content\/uploads\/2025\/04\/25-Tulitu-10ans-\u00a9-annavanwaeg-0560-300x200.jpg 300w, https:\/\/tulitu.eu\/wp\/wp-content\/uploads\/2025\/04\/25-Tulitu-10ans-\u00a9-annavanwaeg-0560-768x512.jpg 768w\" sizes=\"auto, (max-width: 1024px) 100vw, 1024px\" \/><\/a><\/figure>\n\n\n\n<figure class=\"wp-block-image size-large\"><a href=\"https:\/\/tulitu.eu\/wp\/wp-content\/uploads\/2025\/04\/25-Tulitu-10ans-\u00a9-annavanwaeg-0598-scaled.jpg\"><img loading=\"lazy\" decoding=\"async\" width=\"1024\" height=\"683\" data-id=\"2798\" src=\"https:\/\/tulitu.eu\/wp\/wp-content\/uploads\/2025\/04\/25-Tulitu-10ans-\u00a9-annavanwaeg-0598-1024x683.jpg\" alt=\"\" class=\"wp-image-2798\" srcset=\"https:\/\/tulitu.eu\/wp\/wp-content\/uploads\/2025\/04\/25-Tulitu-10ans-\u00a9-annavanwaeg-0598-1024x683.jpg 1024w, https:\/\/tulitu.eu\/wp\/wp-content\/uploads\/2025\/04\/25-Tulitu-10ans-\u00a9-annavanwaeg-0598-300x200.jpg 300w, https:\/\/tulitu.eu\/wp\/wp-content\/uploads\/2025\/04\/25-Tulitu-10ans-\u00a9-annavanwaeg-0598-768x512.jpg 768w\" sizes=\"auto, (max-width: 1024px) 100vw, 1024px\" \/><\/a><\/figure>\n\n\n\n<figure class=\"wp-block-image size-large\"><a href=\"https:\/\/tulitu.eu\/wp\/wp-content\/uploads\/2025\/04\/25-Tulitu-10ans-\u00a9-annavanwaeg-0562-scaled.jpg\"><img loading=\"lazy\" decoding=\"async\" width=\"1024\" height=\"683\" data-id=\"2797\" src=\"https:\/\/tulitu.eu\/wp\/wp-content\/uploads\/2025\/04\/25-Tulitu-10ans-\u00a9-annavanwaeg-0562-1024x683.jpg\" alt=\"\" class=\"wp-image-2797\" srcset=\"https:\/\/tulitu.eu\/wp\/wp-content\/uploads\/2025\/04\/25-Tulitu-10ans-\u00a9-annavanwaeg-0562-1024x683.jpg 1024w, https:\/\/tulitu.eu\/wp\/wp-content\/uploads\/2025\/04\/25-Tulitu-10ans-\u00a9-annavanwaeg-0562-300x200.jpg 300w\" sizes=\"auto, (max-width: 1024px) 100vw, 1024px\" \/><\/a><\/figure>\n\n\n\n<figure class=\"wp-block-image size-large\"><a href=\"https:\/\/tulitu.eu\/wp\/wp-content\/uploads\/2025\/04\/25-Tulitu-10ans-\u00a9-annavanwaeg-0601-scaled.jpg\"><img loading=\"lazy\" decoding=\"async\" width=\"1024\" height=\"683\" data-id=\"2795\" src=\"https:\/\/tulitu.eu\/wp\/wp-content\/uploads\/2025\/04\/25-Tulitu-10ans-\u00a9-annavanwaeg-0601-1024x683.jpg\" alt=\"\" class=\"wp-image-2795\" srcset=\"https:\/\/tulitu.eu\/wp\/wp-content\/uploads\/2025\/04\/25-Tulitu-10ans-\u00a9-annavanwaeg-0601-1024x683.jpg 1024w, https:\/\/tulitu.eu\/wp\/wp-content\/uploads\/2025\/04\/25-Tulitu-10ans-\u00a9-annavanwaeg-0601-300x200.jpg 300w, https:\/\/tulitu.eu\/wp\/wp-content\/uploads\/2025\/04\/25-Tulitu-10ans-\u00a9-annavanwaeg-0601-768x512.jpg 768w\" sizes=\"auto, (max-width: 1024px) 100vw, 1024px\" \/><\/a><\/figure>\n\n\n\n<figure class=\"wp-block-image size-large\"><a href=\"https:\/\/tulitu.eu\/wp\/wp-content\/uploads\/2025\/04\/25-Tulitu-10ans-\u00a9-annavanwaeg-0566-scaled.jpg\"><img loading=\"lazy\" decoding=\"async\" width=\"1024\" height=\"683\" data-id=\"2789\" src=\"https:\/\/tulitu.eu\/wp\/wp-content\/uploads\/2025\/04\/25-Tulitu-10ans-\u00a9-annavanwaeg-0566-1024x683.jpg\" alt=\"\" class=\"wp-image-2789\" srcset=\"https:\/\/tulitu.eu\/wp\/wp-content\/uploads\/2025\/04\/25-Tulitu-10ans-\u00a9-annavanwaeg-0566-1024x683.jpg 1024w, https:\/\/tulitu.eu\/wp\/wp-content\/uploads\/2025\/04\/25-Tulitu-10ans-\u00a9-annavanwaeg-0566-300x200.jpg 300w, https:\/\/tulitu.eu\/wp\/wp-content\/uploads\/2025\/04\/25-Tulitu-10ans-\u00a9-annavanwaeg-0566-768x512.jpg 768w, https:\/\/tulitu.eu\/wp\/wp-content\/uploads\/2025\/04\/25-Tulitu-10ans-\u00a9-annavanwaeg-0566-1536x1024.jpg 1536w, https:\/\/tulitu.eu\/wp\/wp-content\/uploads\/2025\/04\/25-Tulitu-10ans-\u00a9-annavanwaeg-0566-2048x1365.jpg 2048w\" sizes=\"auto, (max-width: 1024px) 100vw, 1024px\" \/><\/a><\/figure>\n\n\n\n<figure class=\"wp-block-image size-large\"><a href=\"https:\/\/tulitu.eu\/wp\/wp-content\/uploads\/2025\/04\/25-Tulitu-10ans-\u00a9-annavanwaeg-0530-scaled.jpg\"><img loading=\"lazy\" decoding=\"async\" width=\"1024\" height=\"683\" data-id=\"2784\" src=\"https:\/\/tulitu.eu\/wp\/wp-content\/uploads\/2025\/04\/25-Tulitu-10ans-\u00a9-annavanwaeg-0530-1024x683.jpg\" alt=\"\" class=\"wp-image-2784\" srcset=\"https:\/\/tulitu.eu\/wp\/wp-content\/uploads\/2025\/04\/25-Tulitu-10ans-\u00a9-annavanwaeg-0530-1024x683.jpg 1024w, https:\/\/tulitu.eu\/wp\/wp-content\/uploads\/2025\/04\/25-Tulitu-10ans-\u00a9-annavanwaeg-0530-300x200.jpg 300w, https:\/\/tulitu.eu\/wp\/wp-content\/uploads\/2025\/04\/25-Tulitu-10ans-\u00a9-annavanwaeg-0530-768x512.jpg 768w, https:\/\/tulitu.eu\/wp\/wp-content\/uploads\/2025\/04\/25-Tulitu-10ans-\u00a9-annavanwaeg-0530-1536x1024.jpg 1536w, https:\/\/tulitu.eu\/wp\/wp-content\/uploads\/2025\/04\/25-Tulitu-10ans-\u00a9-annavanwaeg-0530-2048x1365.jpg 2048w\" sizes=\"auto, (max-width: 1024px) 100vw, 1024px\" \/><\/a><\/figure>\n\n\n\n<figure class=\"wp-block-image size-large\"><a href=\"https:\/\/tulitu.eu\/wp\/wp-content\/uploads\/2025\/04\/25-Tulitu-10ans-\u00a9-annavanwaeg-0571-scaled.jpg\"><img loading=\"lazy\" decoding=\"async\" width=\"1024\" height=\"683\" data-id=\"2782\" src=\"https:\/\/tulitu.eu\/wp\/wp-content\/uploads\/2025\/04\/25-Tulitu-10ans-\u00a9-annavanwaeg-0571-1024x683.jpg\" alt=\"\" class=\"wp-image-2782\" srcset=\"https:\/\/tulitu.eu\/wp\/wp-content\/uploads\/2025\/04\/25-Tulitu-10ans-\u00a9-annavanwaeg-0571-1024x683.jpg 1024w, https:\/\/tulitu.eu\/wp\/wp-content\/uploads\/2025\/04\/25-Tulitu-10ans-\u00a9-annavanwaeg-0571-300x200.jpg 300w, https:\/\/tulitu.eu\/wp\/wp-content\/uploads\/2025\/04\/25-Tulitu-10ans-\u00a9-annavanwaeg-0571-768x512.jpg 768w, https:\/\/tulitu.eu\/wp\/wp-content\/uploads\/2025\/04\/25-Tulitu-10ans-\u00a9-annavanwaeg-0571-1536x1024.jpg 1536w, https:\/\/tulitu.eu\/wp\/wp-content\/uploads\/2025\/04\/25-Tulitu-10ans-\u00a9-annavanwaeg-0571-2048x1365.jpg 2048w\" sizes=\"auto, (max-width: 1024px) 100vw, 1024px\" \/><\/a><\/figure>\n\n\n\n<figure class=\"wp-block-image size-large\"><a href=\"https:\/\/tulitu.eu\/wp\/wp-content\/uploads\/2025\/04\/25-Tulitu-10ans-\u00a9-annavanwaeg-0546-scaled.jpg\"><img loading=\"lazy\" decoding=\"async\" width=\"1024\" height=\"683\" data-id=\"2771\" src=\"https:\/\/tulitu.eu\/wp\/wp-content\/uploads\/2025\/04\/25-Tulitu-10ans-\u00a9-annavanwaeg-0546-1024x683.jpg\" alt=\"\" class=\"wp-image-2771\" srcset=\"https:\/\/tulitu.eu\/wp\/wp-content\/uploads\/2025\/04\/25-Tulitu-10ans-\u00a9-annavanwaeg-0546-1024x683.jpg 1024w, https:\/\/tulitu.eu\/wp\/wp-content\/uploads\/2025\/04\/25-Tulitu-10ans-\u00a9-annavanwaeg-0546-300x200.jpg 300w, https:\/\/tulitu.eu\/wp\/wp-content\/uploads\/2025\/04\/25-Tulitu-10ans-\u00a9-annavanwaeg-0546-768x512.jpg 768w, https:\/\/tulitu.eu\/wp\/wp-content\/uploads\/2025\/04\/25-Tulitu-10ans-\u00a9-annavanwaeg-0546-1536x1024.jpg 1536w, https:\/\/tulitu.eu\/wp\/wp-content\/uploads\/2025\/04\/25-Tulitu-10ans-\u00a9-annavanwaeg-0546-2048x1365.jpg 2048w\" sizes=\"auto, (max-width: 1024px) 100vw, 1024px\" \/><\/a><\/figure>\n\n\n\n<figure class=\"wp-block-image size-large\"><a href=\"https:\/\/tulitu.eu\/wp\/wp-content\/uploads\/2025\/04\/25-Tulitu-10ans-\u00a9-annavanwaeg-0532-scaled.jpg\"><img loading=\"lazy\" decoding=\"async\" width=\"1024\" height=\"683\" data-id=\"2768\" src=\"https:\/\/tulitu.eu\/wp\/wp-content\/uploads\/2025\/04\/25-Tulitu-10ans-\u00a9-annavanwaeg-0532-1024x683.jpg\" alt=\"\" class=\"wp-image-2768\" srcset=\"https:\/\/tulitu.eu\/wp\/wp-content\/uploads\/2025\/04\/25-Tulitu-10ans-\u00a9-annavanwaeg-0532-1024x683.jpg 1024w, https:\/\/tulitu.eu\/wp\/wp-content\/uploads\/2025\/04\/25-Tulitu-10ans-\u00a9-annavanwaeg-0532-300x200.jpg 300w, https:\/\/tulitu.eu\/wp\/wp-content\/uploads\/2025\/04\/25-Tulitu-10ans-\u00a9-annavanwaeg-0532-768x512.jpg 768w, https:\/\/tulitu.eu\/wp\/wp-content\/uploads\/2025\/04\/25-Tulitu-10ans-\u00a9-annavanwaeg-0532-1536x1024.jpg 1536w, https:\/\/tulitu.eu\/wp\/wp-content\/uploads\/2025\/04\/25-Tulitu-10ans-\u00a9-annavanwaeg-0532-2048x1366.jpg 2048w\" sizes=\"auto, (max-width: 1024px) 100vw, 1024px\" \/><\/a><\/figure>\n\n\n\n<figure class=\"wp-block-image size-large\"><a href=\"https:\/\/tulitu.eu\/wp\/wp-content\/uploads\/2025\/04\/25-Tulitu-10ans-\u00a9-annavanwaeg-0479-scaled.jpg\"><img loading=\"lazy\" decoding=\"async\" width=\"1024\" height=\"683\" data-id=\"2767\" src=\"https:\/\/tulitu.eu\/wp\/wp-content\/uploads\/2025\/04\/25-Tulitu-10ans-\u00a9-annavanwaeg-0479-1024x683.jpg\" alt=\"\" class=\"wp-image-2767\" srcset=\"https:\/\/tulitu.eu\/wp\/wp-content\/uploads\/2025\/04\/25-Tulitu-10ans-\u00a9-annavanwaeg-0479-1024x683.jpg 1024w, https:\/\/tulitu.eu\/wp\/wp-content\/uploads\/2025\/04\/25-Tulitu-10ans-\u00a9-annavanwaeg-0479-300x200.jpg 300w, https:\/\/tulitu.eu\/wp\/wp-content\/uploads\/2025\/04\/25-Tulitu-10ans-\u00a9-annavanwaeg-0479-768x512.jpg 768w, https:\/\/tulitu.eu\/wp\/wp-content\/uploads\/2025\/04\/25-Tulitu-10ans-\u00a9-annavanwaeg-0479-1536x1024.jpg 1536w, https:\/\/tulitu.eu\/wp\/wp-content\/uploads\/2025\/04\/25-Tulitu-10ans-\u00a9-annavanwaeg-0479-2048x1365.jpg 2048w\" sizes=\"auto, (max-width: 1024px) 100vw, 1024px\" \/><\/a><\/figure>\n\n\n\n<figure class=\"wp-block-image size-large\"><a href=\"https:\/\/tulitu.eu\/wp\/wp-content\/uploads\/2025\/04\/25-Tulitu-10ans-\u00a9-annavanwaeg-0589-scaled.jpg\"><img loading=\"lazy\" decoding=\"async\" width=\"1024\" height=\"683\" data-id=\"2770\" src=\"https:\/\/tulitu.eu\/wp\/wp-content\/uploads\/2025\/04\/25-Tulitu-10ans-\u00a9-annavanwaeg-0589-1024x683.jpg\" alt=\"\" class=\"wp-image-2770\" srcset=\"https:\/\/tulitu.eu\/wp\/wp-content\/uploads\/2025\/04\/25-Tulitu-10ans-\u00a9-annavanwaeg-0589-1024x683.jpg 1024w, https:\/\/tulitu.eu\/wp\/wp-content\/uploads\/2025\/04\/25-Tulitu-10ans-\u00a9-annavanwaeg-0589-300x200.jpg 300w, https:\/\/tulitu.eu\/wp\/wp-content\/uploads\/2025\/04\/25-Tulitu-10ans-\u00a9-annavanwaeg-0589-768x512.jpg 768w, https:\/\/tulitu.eu\/wp\/wp-content\/uploads\/2025\/04\/25-Tulitu-10ans-\u00a9-annavanwaeg-0589-1536x1024.jpg 1536w, https:\/\/tulitu.eu\/wp\/wp-content\/uploads\/2025\/04\/25-Tulitu-10ans-\u00a9-annavanwaeg-0589-2048x1365.jpg 2048w\" sizes=\"auto, (max-width: 1024px) 100vw, 1024px\" \/><\/a><\/figure>\n\n\n\n<figure class=\"wp-block-image size-large\"><a href=\"https:\/\/tulitu.eu\/wp\/wp-content\/uploads\/2025\/04\/25-Tulitu-10ans-\u00a9-annavanwaeg-0591-scaled.jpg\"><img loading=\"lazy\" decoding=\"async\" width=\"1024\" height=\"683\" data-id=\"2766\" src=\"https:\/\/tulitu.eu\/wp\/wp-content\/uploads\/2025\/04\/25-Tulitu-10ans-\u00a9-annavanwaeg-0591-1024x683.jpg\" alt=\"\" class=\"wp-image-2766\" srcset=\"https:\/\/tulitu.eu\/wp\/wp-content\/uploads\/2025\/04\/25-Tulitu-10ans-\u00a9-annavanwaeg-0591-1024x683.jpg 1024w, https:\/\/tulitu.eu\/wp\/wp-content\/uploads\/2025\/04\/25-Tulitu-10ans-\u00a9-annavanwaeg-0591-300x200.jpg 300w, https:\/\/tulitu.eu\/wp\/wp-content\/uploads\/2025\/04\/25-Tulitu-10ans-\u00a9-annavanwaeg-0591-768x512.jpg 768w, https:\/\/tulitu.eu\/wp\/wp-content\/uploads\/2025\/04\/25-Tulitu-10ans-\u00a9-annavanwaeg-0591-1536x1024.jpg 1536w, https:\/\/tulitu.eu\/wp\/wp-content\/uploads\/2025\/04\/25-Tulitu-10ans-\u00a9-annavanwaeg-0591-2048x1365.jpg 2048w\" sizes=\"auto, (max-width: 1024px) 100vw, 1024px\" \/><\/a><\/figure>\n\n\n\n<figure class=\"wp-block-image size-large\"><a href=\"https:\/\/tulitu.eu\/wp\/wp-content\/uploads\/2025\/04\/25-Tulitu-10ans-\u00a9-annavanwaeg-0474-scaled.jpg\"><img loading=\"lazy\" decoding=\"async\" width=\"1024\" height=\"683\" data-id=\"2775\" src=\"https:\/\/tulitu.eu\/wp\/wp-content\/uploads\/2025\/04\/25-Tulitu-10ans-\u00a9-annavanwaeg-0474-1024x683.jpg\" alt=\"\" class=\"wp-image-2775\" srcset=\"https:\/\/tulitu.eu\/wp\/wp-content\/uploads\/2025\/04\/25-Tulitu-10ans-\u00a9-annavanwaeg-0474-1024x683.jpg 1024w, https:\/\/tulitu.eu\/wp\/wp-content\/uploads\/2025\/04\/25-Tulitu-10ans-\u00a9-annavanwaeg-0474-300x200.jpg 300w, https:\/\/tulitu.eu\/wp\/wp-content\/uploads\/2025\/04\/25-Tulitu-10ans-\u00a9-annavanwaeg-0474-768x512.jpg 768w, https:\/\/tulitu.eu\/wp\/wp-content\/uploads\/2025\/04\/25-Tulitu-10ans-\u00a9-annavanwaeg-0474-1536x1024.jpg 1536w, https:\/\/tulitu.eu\/wp\/wp-content\/uploads\/2025\/04\/25-Tulitu-10ans-\u00a9-annavanwaeg-0474-2048x1365.jpg 2048w\" sizes=\"auto, (max-width: 1024px) 100vw, 1024px\" \/><\/a><\/figure>\n\n\n\n<figure class=\"wp-block-image size-large\"><a href=\"https:\/\/tulitu.eu\/wp\/wp-content\/uploads\/2025\/04\/25-Tulitu-10ans-\u00a9-annavanwaeg-0617-scaled.jpg\"><img loading=\"lazy\" decoding=\"async\" width=\"1024\" height=\"683\" data-id=\"2776\" src=\"https:\/\/tulitu.eu\/wp\/wp-content\/uploads\/2025\/04\/25-Tulitu-10ans-\u00a9-annavanwaeg-0617-1024x683.jpg\" alt=\"\" class=\"wp-image-2776\" srcset=\"https:\/\/tulitu.eu\/wp\/wp-content\/uploads\/2025\/04\/25-Tulitu-10ans-\u00a9-annavanwaeg-0617-1024x683.jpg 1024w, https:\/\/tulitu.eu\/wp\/wp-content\/uploads\/2025\/04\/25-Tulitu-10ans-\u00a9-annavanwaeg-0617-300x200.jpg 300w, https:\/\/tulitu.eu\/wp\/wp-content\/uploads\/2025\/04\/25-Tulitu-10ans-\u00a9-annavanwaeg-0617-768x512.jpg 768w, https:\/\/tulitu.eu\/wp\/wp-content\/uploads\/2025\/04\/25-Tulitu-10ans-\u00a9-annavanwaeg-0617-1536x1024.jpg 1536w, https:\/\/tulitu.eu\/wp\/wp-content\/uploads\/2025\/04\/25-Tulitu-10ans-\u00a9-annavanwaeg-0617-2048x1365.jpg 2048w\" sizes=\"auto, (max-width: 1024px) 100vw, 1024px\" \/><\/a><\/figure>\n\n\n\n<figure class=\"wp-block-image size-large\"><a href=\"https:\/\/tulitu.eu\/wp\/wp-content\/uploads\/2025\/04\/25-Tulitu-10ans-\u00a9-annavanwaeg-0621-scaled.jpg\"><img loading=\"lazy\" decoding=\"async\" width=\"1024\" height=\"683\" data-id=\"2790\" src=\"https:\/\/tulitu.eu\/wp\/wp-content\/uploads\/2025\/04\/25-Tulitu-10ans-\u00a9-annavanwaeg-0621-1024x683.jpg\" alt=\"\" class=\"wp-image-2790\" srcset=\"https:\/\/tulitu.eu\/wp\/wp-content\/uploads\/2025\/04\/25-Tulitu-10ans-\u00a9-annavanwaeg-0621-1024x683.jpg 1024w, https:\/\/tulitu.eu\/wp\/wp-content\/uploads\/2025\/04\/25-Tulitu-10ans-\u00a9-annavanwaeg-0621-300x200.jpg 300w, https:\/\/tulitu.eu\/wp\/wp-content\/uploads\/2025\/04\/25-Tulitu-10ans-\u00a9-annavanwaeg-0621-768x512.jpg 768w, https:\/\/tulitu.eu\/wp\/wp-content\/uploads\/2025\/04\/25-Tulitu-10ans-\u00a9-annavanwaeg-0621-1536x1024.jpg 1536w, https:\/\/tulitu.eu\/wp\/wp-content\/uploads\/2025\/04\/25-Tulitu-10ans-\u00a9-annavanwaeg-0621-2048x1365.jpg 2048w\" sizes=\"auto, (max-width: 1024px) 100vw, 1024px\" \/><\/a><\/figure>\n<\/figure>\n\n\n\n<p>Voici le discours d&#8217;Ariane sans ses blagounettes improvis\u00e9es pendant le discours \ud83d\ude09<\/p>\n\n\n\n<p>La petite histoire pour celles et ceux qui ne la connaissent pas&nbsp;: il y a 27 ans, j\u2019ai d\u00e9couvert le monde du livre qu\u00e9b\u00e9cois gr\u00e2ce \u00e0 mon fr\u00e8re Gilles, \u00e9diteur au Qu\u00e9bec et \u00e0 son ex-compagne Marie-H\u00e9l\u00e8ne libraire. Et puis j\u2019ai rencontr\u00e9 Dominique en 2008 \u00e0 la Foire du Livre et cela a \u00e9t\u00e9 le d\u00e9but d\u2019une belle amiti\u00e9.<\/p>\n\n\n\n<p>En 2014, la crise de la cinquantaine peut-\u00eatre, je veux changer de vie professionnelle, avoir un projet auquel je crois, o\u00f9 je me sens vraiment utile. L\u2019id\u00e9e de la librairie vient rapidement et je pense tout de suite \u00e0 Dominique comme co-\u00e9quipi\u00e8re.<\/p>\n\n\n\n<p>On voulait un lieu engag\u00e9, un lieu de rencontres et de d\u00e9bat, un lieu queer et f\u00e9ministe avec aussi la mise en avant des livres du Qu\u00e9bec.<\/p>\n\n\n\n<p>Je tanne mon coiffeur pour qu\u2019il accepte de louer sa maison et en f\u00e9vrier 2015, TULITU ouvre ses portes avec une s\u00e9ance de d\u00e9dicaces de la b\u00e9d\u00e9iste Zviane.<\/p>\n\n\n\n<p>Et voil\u00e0, 10 ans plus tard, c\u2019est l\u2019occasion de remercier les personnes sans qui ce projet n\u2019aurait pas pu exister&nbsp;:<\/p>\n\n\n\n<ul class=\"wp-block-list\">\n<li>Mes parents<\/li>\n\n\n\n<li>Dominique qui m\u2019a appris le m\u00e9tier de libraire avant de retourner au Qu\u00e9bec d\u00e9fendre les \u00e9diteurices du Qu\u00e9bec<\/li>\n\n\n\n<li>Mon compagnon Olivier Bastin qui nous a dessin\u00e9 la librairie de nos r\u00eaves<\/li>\n\n\n\n<li>France Verrier des Yeux gourmands, ma marraine de librairie<\/li>\n\n\n\n<li>Mes amis qui sont venus tant de fois les premi\u00e8res ann\u00e9es me donner un coup de main quand je travaillais seule\u00a0: Eric, Sandrine, Emma, Vincent, Marie, Paul, Mimi, V\u00e9ro<\/li>\n\n\n\n<li>L\u2019\u00e9quipe de r\u00eave\u00a0: \u00a0Lisa la premi\u00e8re coll\u00e8gue \u00e0 temps plein, Elise, Manon et Kevin sur qui je peux toujours compter<\/li>\n<\/ul>\n\n\n\n<p>TULITU, c\u2019est une librairie qui fait partie de la famille des librairies ind\u00e9pendantes&nbsp;: merci mes amis du SLFB pour votre soutien.<\/p>\n\n\n\n<p>Merci \u00e0 la Banque du livre et \u00e0 Librel.<\/p>\n\n\n\n<p>Merci aussi \u00e0 la D\u00e9l\u00e9gation g\u00e9n\u00e9rale du Qu\u00e9bec \u00e0 Bruxelles qui est notre partenaire depuis toujours\u00a0!<\/p>\n\n\n\n<p>Merci au Service des lettres et du livre de la F\u00e9d\u00e9ration Wallonie-Bruxelles qui se d\u00e9m\u00e8ne pour soutenir les librairies ind\u00e9pendantes. <\/p>\n\n\n\n<p>Je voudrais aussi remercier mes amis de la rue de Flandre qui est devenue ma deuxi\u00e8me famille\u00a0: Antonella, Luigi et Francesco de Settebello, Ramzi du Chicago, Mercedes et Martin, Jeanne et Martine de Vetro, Kilian et Lou de Dock\u2019s caviar, Christophe du Repaire du sommelier, Marie de V\u00eatue, Filippo, Maria et Luiggi de Casa mia.<\/p>\n\n\n\n<p>Et puis je voulais remercier mes partenaires privil\u00e9gi\u00e9s avec qui c\u2019est tellement gai de travailler\u00a0: la Bellone, les Midis de la po\u00e9sie, Arthis.<\/p>\n\n\n\n<p>Enfin, merci \u00e0 vous lecteurices avec qui j\u2019aime tellement \u00e9changer, apprendre, refaire le monde\u00a0! C\u2019est certain, gr\u00e2ce \u00e0 vous, je sais que mon changement de vie professionnelle est celui dont j\u2019ai r\u00eav\u00e9, rencontrer des gens, que ce soit des lecteurices, des auteurices, des \u00e9diteurices, des militantes, des coll\u00e8gues.<\/p>\n\n\n\n<p>En ces temps incertains, je sais que TULITU va devoir mener des combats sur plusieurs fronts, tant la d\u00e9fense du milieu du livre que la d\u00e9fense des femmes et des personnes queer. Mais je suis bien entour\u00e9e, j\u2019ai tellement de chance, vous me donnez tous de l\u2019\u00e9nergie\u00a0!<\/p>\n","protected":false},"excerpt":{"rendered":"<p>Mais quelle belle soir\u00e9e nous avons pass\u00e9e avec vous ce 11 mars 2025! Gr\u00e2ce \u00e0 Anna Vanwaeg, nous avons de magnifiques photos souvenirs! Avec par ordre d&#8217;apparition, nos complices du soir M\u00e9lanie Godin, Kristina Gauthier-Landry, Olivier Bastin, Muriel Andrin et Jo\u00eblle Sambi. Voici le discours d&#8217;Ariane sans ses blagounettes improvis\u00e9es pendant le discours \ud83d\ude09 La &hellip; <a href=\"https:\/\/tulitu.eu\/wp\/?page_id=2806\" class=\"more-link\">Continue reading <span class=\"screen-reader-text\">La f\u00eate des dix ans de TULITU \u00e0 la Bellone<\/span> <span class=\"meta-nav\">&rarr;<\/span><\/a><\/p>\n","protected":false},"author":1,"featured_media":0,"parent":0,"menu_order":0,"comment_status":"closed","ping_status":"closed","template":"","meta":{"footnotes":""},"class_list":["post-2806","page","type-page","status-publish","hentry"],"_links":{"self":[{"href":"https:\/\/tulitu.eu\/wp\/index.php?rest_route=\/wp\/v2\/pages\/2806","targetHints":{"allow":["GET"]}}],"collection":[{"href":"https:\/\/tulitu.eu\/wp\/index.php?rest_route=\/wp\/v2\/pages"}],"about":[{"href":"https:\/\/tulitu.eu\/wp\/index.php?rest_route=\/wp\/v2\/types\/page"}],"author":[{"embeddable":true,"href":"https:\/\/tulitu.eu\/wp\/index.php?rest_route=\/wp\/v2\/users\/1"}],"replies":[{"embeddable":true,"href":"https:\/\/tulitu.eu\/wp\/index.php?rest_route=%2Fwp%2Fv2%2Fcomments&post=2806"}],"version-history":[{"count":20,"href":"https:\/\/tulitu.eu\/wp\/index.php?rest_route=\/wp\/v2\/pages\/2806\/revisions"}],"predecessor-version":[{"id":2832,"href":"https:\/\/tulitu.eu\/wp\/index.php?rest_route=\/wp\/v2\/pages\/2806\/revisions\/2832"}],"wp:attachment":[{"href":"https:\/\/tulitu.eu\/wp\/index.php?rest_route=%2Fwp%2Fv2%2Fmedia&parent=2806"}],"curies":[{"name":"wp","href":"https:\/\/api.w.org\/{rel}","templated":true}]}}