{"id":2192,"date":"2022-05-09T12:13:18","date_gmt":"2022-05-09T12:13:18","guid":{"rendered":"http:\/\/tulitu.eu\/wp\/?page_id=2192"},"modified":"2022-05-09T12:13:54","modified_gmt":"2022-05-09T12:13:54","slug":"pour-reserver-ou-commander-un-livre","status":"publish","type":"page","link":"https:\/\/tulitu.eu\/wp\/?page_id=2192","title":{"rendered":"Pour r\u00e9server ou commander un livre"},"content":{"rendered":"\n<figure class=\"wp-block-image is-resized\"><img loading=\"lazy\" decoding=\"async\" src=\"https:\/\/upload.epagine.fr\/5513\/uploads\/Banner_site_Librel_1920x300px.gif\" alt=\"Librel.be\" width=\"985\" height=\"153\"\/><\/figure>\n\n\n\n<h2 class=\"wp-block-heading\">R\u00e9servez ou commandez sur Librel.be et venez chercher vos livres \u00e0 la librairie.<\/h2>\n\n\n\n<p><strong>Notre stock est en ligne sur <\/strong><a href=\"https:\/\/www.librel.be\/\">https:\/\/www.librel.be\/<\/a><\/p>\n\n\n\n<p>Librel, le site des librairies belges francophones \u2013 o\u00f9 vous pouvez d\u00e9j\u00e0  acheter vos ebooks \u2013 vous permet aussi  la r\u00e9servation ou la commande de livres papiers en ligne.<\/p>\n\n\n\n<p> N&#8217;attendez plus, faites vos recherches, remplissez votre panier et  passez chercher votre commande chez TULITU !<\/p>\n\n\n\n<p>Merci d&#8217;attendre notre confirmation par courriel avant de vous d\u00e9placer jusque  chez nous. Les stocks sont mis \u00e0 jour la nuit donc le livre peut avoir  \u00e9t\u00e9 vendu entre temps&#8230; <\/p>\n\n\n\n<p><em>)<\/em><\/p>\n","protected":false},"excerpt":{"rendered":"<p>R\u00e9servez ou commandez sur Librel.be et venez chercher vos livres \u00e0 la librairie. Notre stock est en ligne sur https:\/\/www.librel.be\/ Librel, le site des librairies belges francophones \u2013 o\u00f9 vous pouvez d\u00e9j\u00e0 acheter vos ebooks \u2013 vous permet aussi la r\u00e9servation ou la commande de livres papiers en ligne. N&#8217;attendez plus, faites vos recherches, remplissez &hellip; <a href=\"https:\/\/tulitu.eu\/wp\/?page_id=2192\" class=\"more-link\">Continue reading <span class=\"screen-reader-text\">Pour r\u00e9server ou commander un livre<\/span> <span class=\"meta-nav\">&rarr;<\/span><\/a><\/p>\n","protected":false},"author":1,"featured_media":0,"parent":0,"menu_order":0,"comment_status":"closed","ping_status":"closed","template":"","meta":{"footnotes":""},"class_list":["post-2192","page","type-page","status-publish","hentry"],"_links":{"self":[{"href":"https:\/\/tulitu.eu\/wp\/index.php?rest_route=\/wp\/v2\/pages\/2192","targetHints":{"allow":["GET"]}}],"collection":[{"href":"https:\/\/tulitu.eu\/wp\/index.php?rest_route=\/wp\/v2\/pages"}],"about":[{"href":"https:\/\/tulitu.eu\/wp\/index.php?rest_route=\/wp\/v2\/types\/page"}],"author":[{"embeddable":true,"href":"https:\/\/tulitu.eu\/wp\/index.php?rest_route=\/wp\/v2\/users\/1"}],"replies":[{"embeddable":true,"href":"https:\/\/tulitu.eu\/wp\/index.php?rest_route=%2Fwp%2Fv2%2Fcomments&post=2192"}],"version-history":[{"count":2,"href":"https:\/\/tulitu.eu\/wp\/index.php?rest_route=\/wp\/v2\/pages\/2192\/revisions"}],"predecessor-version":[{"id":2194,"href":"https:\/\/tulitu.eu\/wp\/index.php?rest_route=\/wp\/v2\/pages\/2192\/revisions\/2194"}],"wp:attachment":[{"href":"https:\/\/tulitu.eu\/wp\/index.php?rest_route=%2Fwp%2Fv2%2Fmedia&parent=2192"}],"curies":[{"name":"wp","href":"https:\/\/api.w.org\/{rel}","templated":true}]}}