{"id":1773,"date":"2020-03-20T14:38:55","date_gmt":"2020-03-20T14:38:55","guid":{"rendered":"http:\/\/tulitu.eu\/wp\/?page_id=1773"},"modified":"2020-03-21T11:51:06","modified_gmt":"2020-03-21T11:51:06","slug":"la-fete-des-cinq-ans-de-tulitu-a-la-bellone","status":"publish","type":"page","link":"https:\/\/tulitu.eu\/wp\/?page_id=1773","title":{"rendered":"La f\u00eate des cinq ans de TULITU \u00e0 la Bellone"},"content":{"rendered":"<p>Pour celles et ceux qui n\u2019y \u00e9taient pas et pour celles et ceux qui veulent revivre cette belle soir\u00e9e, voici les enregistrements de toutes les rencontres et lectures de notre soir\u00e9e d\u2019anniversaire du 3 mars 2020 \u00e0 la Bellone.<\/p>\n<p>Merci infiniment \u00e0 Anne-Lise Remacle qui a eu l&#8217;id\u00e9e g\u00e9niale de capter le son de toutes ces belles rencontres!<\/p>\n<p><a href=\"https:\/\/soundcloud.com\/librairie-tulitu\" target=\"_blank\" rel=\"noopener\" data-cke-saved-href=\"https:\/\/soundcloud.com\/librairie-tulitu\">https:\/\/soundcloud.com\/librairie-tulitu<\/a><\/p>\n<p><a href=\"http:\/\/tulitu.eu\/wp\/wp-content\/uploads\/2020\/03\/arido.jpg\"><img loading=\"lazy\" decoding=\"async\" class=\"alignnone size-medium wp-image-1774\" src=\"http:\/\/tulitu.eu\/wp\/wp-content\/uploads\/2020\/03\/arido-225x300.jpg\" alt=\"\" width=\"225\" height=\"300\" srcset=\"https:\/\/tulitu.eu\/wp\/wp-content\/uploads\/2020\/03\/arido-225x300.jpg 225w, https:\/\/tulitu.eu\/wp\/wp-content\/uploads\/2020\/03\/arido.jpg 720w\" sizes=\"auto, (max-width: 225px) 100vw, 225px\" \/><\/a><\/p>\n<p>Ariane Herman et Dominique Janelle<\/p>\n<p><a href=\"http:\/\/tulitu.eu\/wp\/wp-content\/uploads\/2020\/03\/camille.jpg\"><img loading=\"lazy\" decoding=\"async\" class=\"alignnone size-medium wp-image-1775\" src=\"http:\/\/tulitu.eu\/wp\/wp-content\/uploads\/2020\/03\/camille-225x300.jpg\" alt=\"\" width=\"225\" height=\"300\" srcset=\"https:\/\/tulitu.eu\/wp\/wp-content\/uploads\/2020\/03\/camille-225x300.jpg 225w, https:\/\/tulitu.eu\/wp\/wp-content\/uploads\/2020\/03\/camille.jpg 720w\" sizes=\"auto, (max-width: 225px) 100vw, 225px\" \/><\/a><\/p>\n<p>Camille Pier<\/p>\n<p><a href=\"http:\/\/tulitu.eu\/wp\/wp-content\/uploads\/2020\/03\/dulia.jpg\"><img loading=\"lazy\" decoding=\"async\" class=\"alignnone size-medium wp-image-1777\" src=\"http:\/\/tulitu.eu\/wp\/wp-content\/uploads\/2020\/03\/dulia-300x225.jpg\" alt=\"\" width=\"300\" height=\"225\" srcset=\"https:\/\/tulitu.eu\/wp\/wp-content\/uploads\/2020\/03\/dulia-300x225.jpg 300w, https:\/\/tulitu.eu\/wp\/wp-content\/uploads\/2020\/03\/dulia-768x576.jpg 768w, https:\/\/tulitu.eu\/wp\/wp-content\/uploads\/2020\/03\/dulia.jpg 960w\" sizes=\"auto, (max-width: 300px) 100vw, 300px\" \/><\/a><\/p>\n<p>Dulia Lengema et Paul Kawzack<\/p>\n<p><a href=\"http:\/\/tulitu.eu\/wp\/wp-content\/uploads\/2020\/03\/gauthier.jpg\"><img loading=\"lazy\" decoding=\"async\" class=\"alignnone size-medium wp-image-1778\" src=\"http:\/\/tulitu.eu\/wp\/wp-content\/uploads\/2020\/03\/gauthier-225x300.jpg\" alt=\"\" width=\"225\" height=\"300\" srcset=\"https:\/\/tulitu.eu\/wp\/wp-content\/uploads\/2020\/03\/gauthier-225x300.jpg 225w, https:\/\/tulitu.eu\/wp\/wp-content\/uploads\/2020\/03\/gauthier.jpg 720w\" sizes=\"auto, (max-width: 225px) 100vw, 225px\" \/><\/a><\/p>\n<p>Gauthier Fl\u00e9mal<\/p>\n<p><a href=\"http:\/\/tulitu.eu\/wp\/wp-content\/uploads\/2020\/03\/mylene.jpg\"><img loading=\"lazy\" decoding=\"async\" class=\"alignnone size-medium wp-image-1780\" src=\"http:\/\/tulitu.eu\/wp\/wp-content\/uploads\/2020\/03\/mylene-225x300.jpg\" alt=\"\" width=\"225\" height=\"300\" srcset=\"https:\/\/tulitu.eu\/wp\/wp-content\/uploads\/2020\/03\/mylene-225x300.jpg 225w, https:\/\/tulitu.eu\/wp\/wp-content\/uploads\/2020\/03\/mylene.jpg 720w\" sizes=\"auto, (max-width: 225px) 100vw, 225px\" \/><\/a><\/p>\n<p>Myl\u00e8ne Lauzon<\/p>\n<p><a href=\"http:\/\/tulitu.eu\/wp\/wp-content\/uploads\/2020\/03\/sylvain.jpg\"><img loading=\"lazy\" decoding=\"async\" class=\"alignnone size-medium wp-image-1782\" src=\"http:\/\/tulitu.eu\/wp\/wp-content\/uploads\/2020\/03\/sylvain-300x225.jpg\" alt=\"\" width=\"300\" height=\"225\" srcset=\"https:\/\/tulitu.eu\/wp\/wp-content\/uploads\/2020\/03\/sylvain-300x225.jpg 300w, https:\/\/tulitu.eu\/wp\/wp-content\/uploads\/2020\/03\/sylvain-768x576.jpg 768w, https:\/\/tulitu.eu\/wp\/wp-content\/uploads\/2020\/03\/sylvain.jpg 960w\" sizes=\"auto, (max-width: 300px) 100vw, 300px\" \/><\/a><\/p>\n<p>Florent Garnier et Sylvain Chauveau<\/p>\n<p><a href=\"http:\/\/tulitu.eu\/wp\/wp-content\/uploads\/2020\/03\/veronika.jpg\"><img loading=\"lazy\" decoding=\"async\" class=\"alignnone size-medium wp-image-1783\" src=\"http:\/\/tulitu.eu\/wp\/wp-content\/uploads\/2020\/03\/veronika-300x294.jpg\" alt=\"\" width=\"300\" height=\"294\" srcset=\"https:\/\/tulitu.eu\/wp\/wp-content\/uploads\/2020\/03\/veronika-300x294.jpg 300w, https:\/\/tulitu.eu\/wp\/wp-content\/uploads\/2020\/03\/veronika-768x752.jpg 768w, https:\/\/tulitu.eu\/wp\/wp-content\/uploads\/2020\/03\/veronika.jpg 960w\" sizes=\"auto, (max-width: 300px) 100vw, 300px\" \/><\/a><\/p>\n<p>Veronika Mabardi<\/p>\n<p><a href=\"http:\/\/tulitu.eu\/wp\/wp-content\/uploads\/2020\/03\/irene.jpg\"><img loading=\"lazy\" decoding=\"async\" class=\"alignnone size-medium wp-image-1779\" src=\"http:\/\/tulitu.eu\/wp\/wp-content\/uploads\/2020\/03\/irene-268x300.jpg\" alt=\"\" width=\"268\" height=\"300\" srcset=\"https:\/\/tulitu.eu\/wp\/wp-content\/uploads\/2020\/03\/irene-268x300.jpg 268w, https:\/\/tulitu.eu\/wp\/wp-content\/uploads\/2020\/03\/irene-768x861.jpg 768w, https:\/\/tulitu.eu\/wp\/wp-content\/uploads\/2020\/03\/irene.jpg 856w\" sizes=\"auto, (max-width: 268px) 100vw, 268px\" \/><\/a><\/p>\n<p>Ir\u00e8ne Kaufer<\/p>\n<p><a href=\"http:\/\/tulitu.eu\/wp\/wp-content\/uploads\/2020\/03\/ysaline.jpg\"><img loading=\"lazy\" decoding=\"async\" class=\"alignnone size-medium wp-image-1784\" src=\"http:\/\/tulitu.eu\/wp\/wp-content\/uploads\/2020\/03\/ysaline-300x225.jpg\" alt=\"\" width=\"300\" height=\"225\" srcset=\"https:\/\/tulitu.eu\/wp\/wp-content\/uploads\/2020\/03\/ysaline-300x225.jpg 300w, https:\/\/tulitu.eu\/wp\/wp-content\/uploads\/2020\/03\/ysaline-768x576.jpg 768w, https:\/\/tulitu.eu\/wp\/wp-content\/uploads\/2020\/03\/ysaline.jpg 960w\" sizes=\"auto, (max-width: 300px) 100vw, 300px\" \/><\/a><\/p>\n<p>Ysaline Parisis et Lucille Rykebusch<\/p>\n<p><a href=\"http:\/\/tulitu.eu\/wp\/wp-content\/uploads\/2020\/03\/claire.jpg\"><img loading=\"lazy\" decoding=\"async\" class=\"alignnone size-medium wp-image-1776\" src=\"http:\/\/tulitu.eu\/wp\/wp-content\/uploads\/2020\/03\/claire-225x300.jpg\" alt=\"\" width=\"225\" height=\"300\" srcset=\"https:\/\/tulitu.eu\/wp\/wp-content\/uploads\/2020\/03\/claire-225x300.jpg 225w, https:\/\/tulitu.eu\/wp\/wp-content\/uploads\/2020\/03\/claire.jpg 720w\" sizes=\"auto, (max-width: 225px) 100vw, 225px\" \/><\/a><\/p>\n<p>Claire Gatineau<\/p>\n<p><a href=\"http:\/\/tulitu.eu\/wp\/wp-content\/uploads\/2020\/03\/rodney.jpg\"><img loading=\"lazy\" decoding=\"async\" class=\"alignnone size-medium wp-image-1781\" src=\"http:\/\/tulitu.eu\/wp\/wp-content\/uploads\/2020\/03\/rodney-300x225.jpg\" alt=\"\" width=\"300\" height=\"225\" srcset=\"https:\/\/tulitu.eu\/wp\/wp-content\/uploads\/2020\/03\/rodney-300x225.jpg 300w, https:\/\/tulitu.eu\/wp\/wp-content\/uploads\/2020\/03\/rodney-768x576.jpg 768w, https:\/\/tulitu.eu\/wp\/wp-content\/uploads\/2020\/03\/rodney.jpg 960w\" sizes=\"auto, (max-width: 300px) 100vw, 300px\" \/><\/a><\/p>\n<p>Genevi\u00e8ve Damas et Rodney Saint-Eloi<\/p>\n<p>&nbsp;<\/p>\n","protected":false},"excerpt":{"rendered":"<p>Pour celles et ceux qui n\u2019y \u00e9taient pas et pour celles et ceux qui veulent revivre cette belle soir\u00e9e, voici les enregistrements de toutes les rencontres et lectures de notre soir\u00e9e d\u2019anniversaire du 3 mars 2020 \u00e0 la Bellone. Merci infiniment \u00e0 Anne-Lise Remacle qui a eu l&#8217;id\u00e9e g\u00e9niale de capter le son de toutes &hellip; <a href=\"https:\/\/tulitu.eu\/wp\/?page_id=1773\" class=\"more-link\">Continue reading <span class=\"screen-reader-text\">La f\u00eate des cinq ans de TULITU \u00e0 la Bellone<\/span> <span class=\"meta-nav\">&rarr;<\/span><\/a><\/p>\n","protected":false},"author":1,"featured_media":0,"parent":0,"menu_order":0,"comment_status":"closed","ping_status":"closed","template":"","meta":{"footnotes":""},"class_list":["post-1773","page","type-page","status-publish","hentry"],"_links":{"self":[{"href":"https:\/\/tulitu.eu\/wp\/index.php?rest_route=\/wp\/v2\/pages\/1773","targetHints":{"allow":["GET"]}}],"collection":[{"href":"https:\/\/tulitu.eu\/wp\/index.php?rest_route=\/wp\/v2\/pages"}],"about":[{"href":"https:\/\/tulitu.eu\/wp\/index.php?rest_route=\/wp\/v2\/types\/page"}],"author":[{"embeddable":true,"href":"https:\/\/tulitu.eu\/wp\/index.php?rest_route=\/wp\/v2\/users\/1"}],"replies":[{"embeddable":true,"href":"https:\/\/tulitu.eu\/wp\/index.php?rest_route=%2Fwp%2Fv2%2Fcomments&post=1773"}],"version-history":[{"count":3,"href":"https:\/\/tulitu.eu\/wp\/index.php?rest_route=\/wp\/v2\/pages\/1773\/revisions"}],"predecessor-version":[{"id":1788,"href":"https:\/\/tulitu.eu\/wp\/index.php?rest_route=\/wp\/v2\/pages\/1773\/revisions\/1788"}],"wp:attachment":[{"href":"https:\/\/tulitu.eu\/wp\/index.php?rest_route=%2Fwp%2Fv2%2Fmedia&parent=1773"}],"curies":[{"name":"wp","href":"https:\/\/api.w.org\/{rel}","templated":true}]}}