{"id":15,"date":"2015-02-27T11:15:32","date_gmt":"2015-02-27T11:15:32","guid":{"rendered":"http:\/\/tulitu.eu\/wp\/?page_id=15"},"modified":"2025-04-24T10:41:46","modified_gmt":"2025-04-24T10:41:46","slug":"nous-contacter","status":"publish","type":"page","link":"https:\/\/tulitu.eu\/wp\/?page_id=15","title":{"rendered":"Infos pratiques"},"content":{"rendered":"<p><a href=\"http:\/\/tulitu.eu\/wp\/wp-content\/uploads\/2015\/02\/10363513_10153711447173009_442301337050618418_n.jpg\"><img loading=\"lazy\" decoding=\"async\" class=\"alignnone size-medium wp-image-28\" src=\"http:\/\/tulitu.eu\/wp\/wp-content\/uploads\/2015\/02\/10363513_10153711447173009_442301337050618418_n-300x300.jpg\" alt=\"10363513_10153711447173009_442301337050618418_n\" width=\"300\" height=\"300\" srcset=\"https:\/\/tulitu.eu\/wp\/wp-content\/uploads\/2015\/02\/10363513_10153711447173009_442301337050618418_n-300x300.jpg 300w, https:\/\/tulitu.eu\/wp\/wp-content\/uploads\/2015\/02\/10363513_10153711447173009_442301337050618418_n-150x150.jpg 150w, https:\/\/tulitu.eu\/wp\/wp-content\/uploads\/2015\/02\/10363513_10153711447173009_442301337050618418_n.jpg 960w\" sizes=\"auto, (max-width: 300px) 100vw, 300px\" \/><\/a><\/p>\n<p><strong>\u00a0<\/strong><\/p>\n<p>55, rue de Flandre<br \/>\n1000 Bruxelles<\/p>\n<p>M\u00e9tro Sainte-Catherine<\/p>\n<p>Arr\u00eat Porte de Flandre<\/p>\n<p>Arr\u00eat Bourse<\/p>\n<p><strong>Ouverture mardi-samedi 11h-19h<\/strong><\/p>\n<p><strong>Fermeture le lundi, le dimanche et les jours f\u00e9ri\u00e9s<\/strong><\/p>\n<p>t\u00e9l. : +32 2 880 27 03<br \/>\nlibrairie@tulitu.eu<\/p>\n<p>facebook\u00a0<a href=\"https:\/\/www.facebook.com\/librairietulitu\/\">https:\/\/www.facebook.com\/librairietulitu\/<\/a><\/p>\n<p>instagram TULITU<\/p>\n<p>TVA BE 0505613389<\/p>\n<p>compte bancaire BE24 3631 4087 2938<\/p>\n","protected":false},"excerpt":{"rendered":"<p>\u00a0 55, rue de Flandre 1000 Bruxelles M\u00e9tro Sainte-Catherine Arr\u00eat Porte de Flandre Arr\u00eat Bourse Ouverture mardi-samedi 11h-19h Fermeture le lundi, le dimanche et les jours f\u00e9ri\u00e9s t\u00e9l. : +32 2 880 27 03 librairie@tulitu.eu facebook\u00a0https:\/\/www.facebook.com\/librairietulitu\/ instagram TULITU TVA BE 0505613389 compte bancaire BE24 3631 4087 2938<\/p>\n","protected":false},"author":1,"featured_media":0,"parent":0,"menu_order":0,"comment_status":"open","ping_status":"open","template":"","meta":{"footnotes":""},"class_list":["post-15","page","type-page","status-publish","hentry"],"_links":{"self":[{"href":"https:\/\/tulitu.eu\/wp\/index.php?rest_route=\/wp\/v2\/pages\/15","targetHints":{"allow":["GET"]}}],"collection":[{"href":"https:\/\/tulitu.eu\/wp\/index.php?rest_route=\/wp\/v2\/pages"}],"about":[{"href":"https:\/\/tulitu.eu\/wp\/index.php?rest_route=\/wp\/v2\/types\/page"}],"author":[{"embeddable":true,"href":"https:\/\/tulitu.eu\/wp\/index.php?rest_route=\/wp\/v2\/users\/1"}],"replies":[{"embeddable":true,"href":"https:\/\/tulitu.eu\/wp\/index.php?rest_route=%2Fwp%2Fv2%2Fcomments&post=15"}],"version-history":[{"count":27,"href":"https:\/\/tulitu.eu\/wp\/index.php?rest_route=\/wp\/v2\/pages\/15\/revisions"}],"predecessor-version":[{"id":2850,"href":"https:\/\/tulitu.eu\/wp\/index.php?rest_route=\/wp\/v2\/pages\/15\/revisions\/2850"}],"wp:attachment":[{"href":"https:\/\/tulitu.eu\/wp\/index.php?rest_route=%2Fwp%2Fv2%2Fmedia&parent=15"}],"curies":[{"name":"wp","href":"https:\/\/api.w.org\/{rel}","templated":true}]}}