{"id":12,"date":"2015-02-27T11:13:12","date_gmt":"2015-02-27T11:13:12","guid":{"rendered":"http:\/\/tulitu.eu\/wp\/?page_id=12"},"modified":"2025-10-22T14:52:32","modified_gmt":"2025-10-22T14:52:32","slug":"la-librairie","status":"publish","type":"page","link":"https:\/\/tulitu.eu\/wp\/?page_id=12","title":{"rendered":"La librairie"},"content":{"rendered":"<p><a href=\"http:\/\/tulitu.eu\/wp\/wp-content\/uploads\/2015\/02\/DSC00453_DxO_lowdef.jpg\"><img loading=\"lazy\" decoding=\"async\" class=\"alignnone size-medium wp-image-456\" src=\"http:\/\/tulitu.eu\/wp\/wp-content\/uploads\/2015\/02\/DSC00453_DxO_lowdef-200x300.jpg\" alt=\"DSC00453_DxO_lowdef\" width=\"200\" height=\"300\" srcset=\"https:\/\/tulitu.eu\/wp\/wp-content\/uploads\/2015\/02\/DSC00453_DxO_lowdef-200x300.jpg 200w, https:\/\/tulitu.eu\/wp\/wp-content\/uploads\/2015\/02\/DSC00453_DxO_lowdef-684x1024.jpg 684w, https:\/\/tulitu.eu\/wp\/wp-content\/uploads\/2015\/02\/DSC00453_DxO_lowdef.jpg 1367w\" sizes=\"auto, (max-width: 200px) 100vw, 200px\" \/><\/a><\/p>\n<p>Une librairie g\u00e9n\u00e9raliste engag\u00e9e au 55 rue de Flandre, dans le quartier Sainte-Catherine.<\/p>\n<p><span lang=\"EN-US\">TULITU, c\u2019est une vision d\u2019une librairie \u00e0 l\u2019\u00e9coute de ses clients, de son quartier, du monde du livre, un lieu d\u00e9di\u00e9 aux livres qu\u00e9b\u00e9cois, aux livres LGBTQIA++ et aux livres f\u00e9ministes. <\/span><\/p>\n<p><a href=\"http:\/\/tulitu.eu\/wp\/wp-content\/uploads\/2015\/02\/DSC00457_DxO_lowdef.jpg\"><img loading=\"lazy\" decoding=\"async\" class=\"alignnone size-medium wp-image-457\" src=\"http:\/\/tulitu.eu\/wp\/wp-content\/uploads\/2015\/02\/DSC00457_DxO_lowdef-300x200.jpg\" alt=\"DSC00457_DxO_lowdef\" width=\"300\" height=\"200\" srcset=\"https:\/\/tulitu.eu\/wp\/wp-content\/uploads\/2015\/02\/DSC00457_DxO_lowdef-300x200.jpg 300w, https:\/\/tulitu.eu\/wp\/wp-content\/uploads\/2015\/02\/DSC00457_DxO_lowdef-1024x684.jpg 1024w, https:\/\/tulitu.eu\/wp\/wp-content\/uploads\/2015\/02\/DSC00457_DxO_lowdef.jpg 2048w\" sizes=\"auto, (max-width: 300px) 100vw, 300px\" \/><\/a><\/p>\n<p><a href=\"http:\/\/tulitu.eu\/wp\/wp-content\/uploads\/2015\/02\/DSC00469_DxO_lowdef.jpg\"><img loading=\"lazy\" decoding=\"async\" class=\"alignnone size-medium wp-image-458\" src=\"http:\/\/tulitu.eu\/wp\/wp-content\/uploads\/2015\/02\/DSC00469_DxO_lowdef-300x200.jpg\" alt=\"DSC00469_DxO_lowdef\" width=\"300\" height=\"200\" srcset=\"https:\/\/tulitu.eu\/wp\/wp-content\/uploads\/2015\/02\/DSC00469_DxO_lowdef-300x200.jpg 300w, https:\/\/tulitu.eu\/wp\/wp-content\/uploads\/2015\/02\/DSC00469_DxO_lowdef-1024x684.jpg 1024w, https:\/\/tulitu.eu\/wp\/wp-content\/uploads\/2015\/02\/DSC00469_DxO_lowdef.jpg 2048w\" sizes=\"auto, (max-width: 300px) 100vw, 300px\" \/><\/a><\/p>\n<p>C\u2019est dans une ambiance de bois clair, en pleine for\u00eat bor\u00e9ale, avec du mobilier con\u00e7u sur mesure par l\u2019architecte Olivier Bastin, fondateur du bureau l\u2019Escaut, que TULITU vous invite, lecteurices curieux, \u00e0 venir d\u00e9couvrir et partager vos coups de c\u0153ur litt\u00e9raires.<\/p>\n<p>Bienvenue \u00e0 tous.te.s !<\/p>\n<p>Depuis le 1er octobre 2017, TULITU est labellis\u00e9e &#8220;librairie de qualit\u00e9&#8221; par la F\u00e9d\u00e9ration Wallonie-Bruxelles.<\/p>\n<p><a href=\"http:\/\/tulitu.eu\/wp\/wp-content\/uploads\/2015\/02\/label.jpg\"><img loading=\"lazy\" decoding=\"async\" class=\"alignnone size-full wp-image-1116\" src=\"http:\/\/tulitu.eu\/wp\/wp-content\/uploads\/2015\/02\/label.jpg\" alt=\"label\" width=\"120\" height=\"120\" \/><\/a><a href=\"http:\/\/tulitu.eu\/wp\/wp-content\/uploads\/2018\/06\/logo_FWB.jpg\"><img loading=\"lazy\" decoding=\"async\" class=\"alignnone size-medium wp-image-1165\" src=\"http:\/\/tulitu.eu\/wp\/wp-content\/uploads\/2018\/06\/logo_FWB-300x87.jpg\" alt=\"\" width=\"300\" height=\"87\" srcset=\"https:\/\/tulitu.eu\/wp\/wp-content\/uploads\/2018\/06\/logo_FWB-300x87.jpg 300w, https:\/\/tulitu.eu\/wp\/wp-content\/uploads\/2018\/06\/logo_FWB-768x224.jpg 768w, https:\/\/tulitu.eu\/wp\/wp-content\/uploads\/2018\/06\/logo_FWB-1024x299.jpg 1024w, https:\/\/tulitu.eu\/wp\/wp-content\/uploads\/2018\/06\/logo_FWB.jpg 1382w\" sizes=\"auto, (max-width: 300px) 100vw, 300px\" \/><\/a><\/p>\n<p>Depuis\u00a0 2019, TULITU\u00a0 fait partie\u00a0 de <a href=\"http:\/\/tulitu.eu\/wp\/wp-content\/uploads\/2020\/04\/initiales2.png\"><img loading=\"lazy\" decoding=\"async\" class=\"alignnone size-medium wp-image-1790\" src=\"http:\/\/tulitu.eu\/wp\/wp-content\/uploads\/2020\/04\/initiales2-300x50.png\" alt=\"\" width=\"300\" height=\"50\" srcset=\"https:\/\/tulitu.eu\/wp\/wp-content\/uploads\/2020\/04\/initiales2-300x50.png 300w, https:\/\/tulitu.eu\/wp\/wp-content\/uploads\/2020\/04\/initiales2-768x128.png 768w, https:\/\/tulitu.eu\/wp\/wp-content\/uploads\/2020\/04\/initiales2-1024x171.png 1024w, https:\/\/tulitu.eu\/wp\/wp-content\/uploads\/2020\/04\/initiales2.png 1200w\" sizes=\"auto, (max-width: 300px) 100vw, 300px\" \/><\/a><\/p>\n<p>qui\u00a0 rassemble une cinquantaine de librairies en France et quatre en Belgique.<\/p>\n<p>Pour en savoir plus sur Initiales :\u00a0 <a href=\"https:\/\/www.initiales.org\/\">https:\/\/www.initiales.org\/<\/a><\/p>\n<p>L&#8217;\u00e9mission fran\u00e7aise &#8220;La grande librairie&#8221; nous a fait l&#8217;honneur d&#8217;un reportage que vous pouvez visionner par ici<\/p>\n<p><iframe loading=\"lazy\" title=\"P\u00e9n\u00e9trez dans la librairie \u00ab Tulitu \u00bb \u00e0 Bruxelles\" width=\"604\" height=\"340\" src=\"https:\/\/www.youtube.com\/embed\/nRQ7wm4LPoQ?feature=oembed\" frameborder=\"0\" allow=\"accelerometer; autoplay; clipboard-write; encrypted-media; gyroscope; picture-in-picture; web-share\" referrerpolicy=\"strict-origin-when-cross-origin\" allowfullscreen><\/iframe><\/p>\n","protected":false},"excerpt":{"rendered":"<p>Une librairie g\u00e9n\u00e9raliste engag\u00e9e au 55 rue de Flandre, dans le quartier Sainte-Catherine. TULITU, c\u2019est une vision d\u2019une librairie \u00e0 l\u2019\u00e9coute de ses clients, de son quartier, du monde du livre, un lieu d\u00e9di\u00e9 aux livres qu\u00e9b\u00e9cois, aux livres LGBTQIA++ et aux livres f\u00e9ministes. C\u2019est dans une ambiance de bois clair, en pleine for\u00eat bor\u00e9ale, &hellip; <a href=\"https:\/\/tulitu.eu\/wp\/?page_id=12\" class=\"more-link\">Continue reading <span class=\"screen-reader-text\">La librairie<\/span> <span class=\"meta-nav\">&rarr;<\/span><\/a><\/p>\n","protected":false},"author":1,"featured_media":0,"parent":0,"menu_order":0,"comment_status":"open","ping_status":"open","template":"","meta":{"footnotes":""},"class_list":["post-12","page","type-page","status-publish","hentry"],"_links":{"self":[{"href":"https:\/\/tulitu.eu\/wp\/index.php?rest_route=\/wp\/v2\/pages\/12","targetHints":{"allow":["GET"]}}],"collection":[{"href":"https:\/\/tulitu.eu\/wp\/index.php?rest_route=\/wp\/v2\/pages"}],"about":[{"href":"https:\/\/tulitu.eu\/wp\/index.php?rest_route=\/wp\/v2\/types\/page"}],"author":[{"embeddable":true,"href":"https:\/\/tulitu.eu\/wp\/index.php?rest_route=\/wp\/v2\/users\/1"}],"replies":[{"embeddable":true,"href":"https:\/\/tulitu.eu\/wp\/index.php?rest_route=%2Fwp%2Fv2%2Fcomments&post=12"}],"version-history":[{"count":18,"href":"https:\/\/tulitu.eu\/wp\/index.php?rest_route=\/wp\/v2\/pages\/12\/revisions"}],"predecessor-version":[{"id":2962,"href":"https:\/\/tulitu.eu\/wp\/index.php?rest_route=\/wp\/v2\/pages\/12\/revisions\/2962"}],"wp:attachment":[{"href":"https:\/\/tulitu.eu\/wp\/index.php?rest_route=%2Fwp%2Fv2%2Fmedia&parent=12"}],"curies":[{"name":"wp","href":"https:\/\/api.w.org\/{rel}","templated":true}]}}